{"id":994,"date":"2010-09-15T08:21:10","date_gmt":"2010-09-15T08:21:10","guid":{"rendered":"http:\/\/elegantthemes.com\/preview\/DeepFocus\/?page_id=235"},"modified":"2014-09-26T14:52:20","modified_gmt":"2014-09-26T12:52:20","slug":"what-i-do-2","status":"publish","type":"page","link":"https:\/\/robertsmyka.pl\/wypadyiwyrypy\/what-i-do-2\/","title":{"rendered":"O mnie &#8211; Kontakt"},"content":{"rendered":"<p><a href=\"https:\/\/robertsmyka.pl\/wypadyiwyrypy\/wp-content\/uploads\/2010\/09\/robert-smyka.jpg\"><img loading=\"lazy\" decoding=\"async\" class=\"alignleft wp-image-1310 size-medium\" src=\"https:\/\/robertsmyka.pl\/wypadyiwyrypy\/wp-content\/uploads\/2010\/09\/robert-smyka-281x300.jpg\" alt=\"robert smyka\" width=\"281\" height=\"300\" data-id=\"1310\" srcset=\"https:\/\/robertsmyka.pl\/wypadyiwyrypy\/wp-content\/uploads\/2010\/09\/robert-smyka-281x300.jpg 281w, https:\/\/robertsmyka.pl\/wypadyiwyrypy\/wp-content\/uploads\/2010\/09\/robert-smyka.jpg 416w\" sizes=\"auto, (max-width: 281px) 100vw, 281px\" \/><\/a>Nazywam si\u0119 Robert Smyka. Witam serdecznie na moim blogu o podr\u00f3\u017cach &#8211; &#8222;Wypady i Wyrypy&#8221;. Jestem geografem i mi\u0142o\u015bnikiem podr\u00f3\u017cy- zw\u0142aszcza w\u0119dr\u00f3wek g\u00f3rskich. Ostatnimi laty koncentruj\u0119 si\u0119 na wielodniowych wyprawach z\u00a0pe\u0142nym wyposa\u017ceniem (plecakiem, namiotem, kuchenk\u0105 itd.) po\u00a0Karpatach Rumu\u0144skich i g\u00f3rach P\u00f3\u0142wyspu Ba\u0142ka\u0144skiego czyli tzw. wyrypach. Wcze\u015bniej odbywa\u0142em jednodniowe wycieczki &#8222;na lekko&#8221; z bazy np. z Zakopanego po Tatrach oraz w\u0119dr\u00f3wki mi\u0119dzy schroniskami w Beskidach, co czyni\u0119 nadal w wolnych chwilach. Na blogu &#8222;Wypady i wyrypy&#8221;\u00a0bed\u0119 o nich pisa\u0142 wszystko co tylko pami\u0119tam. Licz\u0119 na Twoje komentarze i pytania\u00a0bezpo\u015brednio pod wpisami. Mo\u017cesz tak\u017ce napisa\u0107 do mnie maila korzystaj\u0105c z formularza po prawej stronie. \u00a0Jestem na facebooku i google plus &#8211; zar\u00f3wno jako osoba, jak i &#8222;Wypady i Wyrypy&#8221;. Zapraszam do kontaktu. Pozdrawiam ciep\u0142o<\/p>\n<p>Robert Smyka<\/p>\n","protected":false},"excerpt":{"rendered":"<p>Nazywam si\u0119 Robert Smyka. Witam serdecznie na moim blogu o podr\u00f3\u017cach &#8211; &#8222;Wypady i Wyrypy&#8221;. Jestem geografem i mi\u0142o\u015bnikiem podr\u00f3\u017cy- zw\u0142aszcza w\u0119dr\u00f3wek g\u00f3rskich. Ostatnimi laty koncentruj\u0119 si\u0119 na wielodniowych wyprawach z\u00a0pe\u0142nym wyposa\u017ceniem (plecakiem, namiotem, kuchenk\u0105 itd.) po\u00a0Karpatach Rumu\u0144skich i g\u00f3rach &hellip; <a href=\"https:\/\/robertsmyka.pl\/wypadyiwyrypy\/what-i-do-2\/\">Continued<\/a><\/p>\n","protected":false},"author":1,"featured_media":0,"parent":0,"menu_order":0,"comment_status":"open","ping_status":"open","template":"page-contact.php","meta":{"footnotes":""},"class_list":["post-994","page","type-page","status-publish","hentry"],"_links":{"self":[{"href":"https:\/\/robertsmyka.pl\/wypadyiwyrypy\/wp-json\/wp\/v2\/pages\/994","targetHints":{"allow":["GET"]}}],"collection":[{"href":"https:\/\/robertsmyka.pl\/wypadyiwyrypy\/wp-json\/wp\/v2\/pages"}],"about":[{"href":"https:\/\/robertsmyka.pl\/wypadyiwyrypy\/wp-json\/wp\/v2\/types\/page"}],"author":[{"embeddable":true,"href":"https:\/\/robertsmyka.pl\/wypadyiwyrypy\/wp-json\/wp\/v2\/users\/1"}],"replies":[{"embeddable":true,"href":"https:\/\/robertsmyka.pl\/wypadyiwyrypy\/wp-json\/wp\/v2\/comments?post=994"}],"version-history":[{"count":15,"href":"https:\/\/robertsmyka.pl\/wypadyiwyrypy\/wp-json\/wp\/v2\/pages\/994\/revisions"}],"predecessor-version":[{"id":1314,"href":"https:\/\/robertsmyka.pl\/wypadyiwyrypy\/wp-json\/wp\/v2\/pages\/994\/revisions\/1314"}],"wp:attachment":[{"href":"https:\/\/robertsmyka.pl\/wypadyiwyrypy\/wp-json\/wp\/v2\/media?parent=994"}],"curies":[{"name":"wp","href":"https:\/\/api.w.org\/{rel}","templated":true}]}}